{"id":144,"date":"2023-06-01T15:58:37","date_gmt":"2023-06-01T15:58:37","guid":{"rendered":"https:\/\/maksimumtemizlik.az\/en\/?page_id=144"},"modified":"2023-06-01T15:58:37","modified_gmt":"2023-06-01T15:58:37","slug":"prices","status":"publish","type":"page","link":"https:\/\/maksimumtemizlik.az\/en\/prices\/","title":{"rendered":"PRICES"},"content":{"rendered":"\n<h2 class=\"wp-block-heading\">PR\u0130CES<\/h2>\n\n\n\n<h2 class=\"wp-block-heading\">CARPET CLEAN\u0130NG 1KV.METER 2 AZN<\/h2>\n\n\n\n<figure class=\"wp-block-image size-large\"><img decoding=\"async\" width=\"1024\" height=\"533\" src=\"https:\/\/maksimumtemizlik.az\/en\/wp-content\/uploads\/sites\/3\/2023\/06\/IMG_6091-1024x533.jpg\" alt=\"GALERY\" class=\"wp-image-129\" srcset=\"https:\/\/maksimumtemizlik.az\/en\/wp-content\/uploads\/sites\/3\/2023\/06\/IMG_6091-1024x533.jpg 1024w, https:\/\/maksimumtemizlik.az\/en\/wp-content\/uploads\/sites\/3\/2023\/06\/IMG_6091-300x156.jpg 300w, https:\/\/maksimumtemizlik.az\/en\/wp-content\/uploads\/sites\/3\/2023\/06\/IMG_6091-768x400.jpg 768w, https:\/\/maksimumtemizlik.az\/en\/wp-content\/uploads\/sites\/3\/2023\/06\/IMG_6091-1536x799.jpg 1536w, https:\/\/maksimumtemizlik.az\/en\/wp-content\/uploads\/sites\/3\/2023\/06\/IMG_6091-2048x1065.jpg 2048w\" sizes=\"(max-width: 1024px) 100vw, 1024px\" \/><figcaption class=\"wp-element-caption\">GALERY<\/figcaption><\/figure>\n\n\n\n<h2 class=\"wp-block-heading\">SOFA CLEAN\u0130NG 1 SEAT 15 AZN<\/h2>\n\n\n\n<figure class=\"wp-block-image size-large\"><img decoding=\"async\" width=\"1024\" height=\"672\" src=\"https:\/\/maksimumtemizlik.az\/en\/wp-content\/uploads\/sites\/3\/2021\/05\/divan_seryi-1024x672.jpg\" alt=\"SOFA CLEANING\" class=\"wp-image-35\" srcset=\"https:\/\/maksimumtemizlik.az\/en\/wp-content\/uploads\/sites\/3\/2021\/05\/divan_seryi-1024x672.jpg 1024w, https:\/\/maksimumtemizlik.az\/en\/wp-content\/uploads\/sites\/3\/2021\/05\/divan_seryi-300x197.jpg 300w, https:\/\/maksimumtemizlik.az\/en\/wp-content\/uploads\/sites\/3\/2021\/05\/divan_seryi-768x504.jpg 768w, https:\/\/maksimumtemizlik.az\/en\/wp-content\/uploads\/sites\/3\/2021\/05\/divan_seryi-1536x1008.jpg 1536w, https:\/\/maksimumtemizlik.az\/en\/wp-content\/uploads\/sites\/3\/2021\/05\/divan_seryi.jpg 1920w\" sizes=\"(max-width: 1024px) 100vw, 1024px\" \/><figcaption class=\"wp-element-caption\">SOFA CLEANING<\/figcaption><\/figure>\n\n\n\n<h2 class=\"wp-block-heading\">CURTA\u0130N CLEAN\u0130NG 1 METER 2 AZN<\/h2>\n\n\n\n<figure class=\"wp-block-image size-full\"><img decoding=\"async\" width=\"800\" height=\"500\" src=\"https:\/\/maksimumtemizlik.az\/en\/wp-content\/uploads\/sites\/3\/2021\/05\/ggg.jpg\" alt=\"Curtain washing\" class=\"wp-image-34\" srcset=\"https:\/\/maksimumtemizlik.az\/en\/wp-content\/uploads\/sites\/3\/2021\/05\/ggg.jpg 800w, https:\/\/maksimumtemizlik.az\/en\/wp-content\/uploads\/sites\/3\/2021\/05\/ggg-300x188.jpg 300w, https:\/\/maksimumtemizlik.az\/en\/wp-content\/uploads\/sites\/3\/2021\/05\/ggg-768x480.jpg 768w\" sizes=\"(max-width: 800px) 100vw, 800px\" \/><figcaption class=\"wp-element-caption\">Curtain washing<\/figcaption><\/figure>\n","protected":false},"excerpt":{"rendered":"<p>PR\u0130CES CARPET CLEAN\u0130NG 1KV.METER 2 AZN SOFA CLEAN\u0130NG 1 SEAT 15 AZN CURTA\u0130N CLEAN\u0130NG 1 METER 2 AZN<\/p>\n","protected":false},"author":1,"featured_media":101,"parent":0,"menu_order":0,"comment_status":"closed","ping_status":"closed","template":"","meta":{"footnotes":""},"class_list":["post-144","page","type-page","status-publish","has-post-thumbnail","hentry"],"_links":{"self":[{"href":"https:\/\/maksimumtemizlik.az\/en\/wp-json\/wp\/v2\/pages\/144"}],"collection":[{"href":"https:\/\/maksimumtemizlik.az\/en\/wp-json\/wp\/v2\/pages"}],"about":[{"href":"https:\/\/maksimumtemizlik.az\/en\/wp-json\/wp\/v2\/types\/page"}],"author":[{"embeddable":true,"href":"https:\/\/maksimumtemizlik.az\/en\/wp-json\/wp\/v2\/users\/1"}],"replies":[{"embeddable":true,"href":"https:\/\/maksimumtemizlik.az\/en\/wp-json\/wp\/v2\/comments?post=144"}],"version-history":[{"count":1,"href":"https:\/\/maksimumtemizlik.az\/en\/wp-json\/wp\/v2\/pages\/144\/revisions"}],"predecessor-version":[{"id":145,"href":"https:\/\/maksimumtemizlik.az\/en\/wp-json\/wp\/v2\/pages\/144\/revisions\/145"}],"wp:featuredmedia":[{"embeddable":true,"href":"https:\/\/maksimumtemizlik.az\/en\/wp-json\/wp\/v2\/media\/101"}],"wp:attachment":[{"href":"https:\/\/maksimumtemizlik.az\/en\/wp-json\/wp\/v2\/media?parent=144"}],"curies":[{"name":"wp","href":"https:\/\/api.w.org\/{rel}","templated":true}]}}